{"id":433,"date":"2023-11-06T21:49:08","date_gmt":"2023-11-07T02:49:08","guid":{"rendered":"https:\/\/crossbordertech.com\/?page_id=433"},"modified":"2026-04-15T12:45:13","modified_gmt":"2026-04-15T17:45:13","slug":"nosotros","status":"publish","type":"page","link":"https:\/\/crossbordertech.com\/es\/nosotros\/","title":{"rendered":"Nosotros"},"content":{"rendered":"<div class=\"et_pb_section_0 et_pb_section et_section_regular et_block_section\">\n<div class=\"et_pb_row_0 et_pb_row et_pb_equal_columns et_block_row preset--module--divi-row--default\">\n<div class=\"et_pb_column_0 et_pb_column et_pb_column_4_4 et-last-child et_block_column et_pb_css_mix_blend_mode_passthrough\">\n<div class=\"et_pb_text_0 et_pb_text et_pb_bg_layout_light et_pb_module et_block_module\"><div class=\"et_pb_text_inner\"><h1>Nosotros<img decoding=\"async\" src=\"https:\/\/crossbordertech.com\/wp-content\/uploads\/2023\/11\/arrow.png\" alt=\"\" class=\"arrow\" \/><\/h1>\n<\/div><\/div>\n<\/div>\n<\/div>\n<\/div>\n\n<div class=\"et_pb_section_1 et_pb_section et_section_regular et_block_section\">\n<div class=\"et_pb_row_1 et_pb_row et_block_row preset--module--divi-row--default\">\n<div class=\"et_pb_column_1 et_pb_column et_pb_column_4_4 et-last-child et_block_column et_pb_css_mix_blend_mode_passthrough\">\n<div class=\"et_pb_text_1 et_pb_text et_pb_bg_layout_light et_pb_module et_block_module et_pb_text_align_center\"><div class=\"et_pb_text_inner\"><p>Somos un equipo de personas expertas, con calidez humana que trabajan con una visi\u00f3n compartida:<\/p>\n<\/div><\/div>\n\n<div class=\"et_pb_text_2 et_pb_text et_pb_bg_layout_light et_pb_module et_block_module\"><div class=\"et_pb_text_inner\"><h2>\u201cConstruir juntos un mundo m\u00e1s seguro\u201d<\/h2>\n<\/div><\/div>\n<\/div>\n<\/div>\n<\/div>\n\n<div class=\"et_pb_section_2 et_pb_section et_section_regular et_block_section\">\n<div class=\"et_pb_row_2 et_pb_row et_block_row preset--module--divi-row--default\">\n<div class=\"et_pb_column_2 et_pb_column et_pb_column_4_4 et-last-child et_block_column et_pb_css_mix_blend_mode_passthrough\">\n<div class=\"et_pb_text_3 et_pb_text et_pb_bg_layout_light et_pb_module et_block_module\"><div class=\"et_pb_text_inner\"><h2>Nuestra Historia<\/h2>\n<\/div><\/div>\n\n<div class=\"et_pb_text_4 et_pb_text et_pb_bg_layout_light et_pb_module et_block_module et_pb_text_align_center\"><div class=\"et_pb_text_inner\"><p>Y experiencia nos han permitido aprender y mejorar, para consolidarnos como una empresa l\u00edder en el sector<\/p>\n<\/div><\/div>\n\n<div class=\"et_pb_image_0 et_pb_image et_pb_module et_block_module\"><span class=\"et_pb_image_wrap\"><img loading=\"lazy\" decoding=\"async\" src=\"https:\/\/crossbordertech.com\/wp-content\/uploads\/2026\/03\/Historia-CBTech-1.png\" width=\"1798\" height=\"585\" srcset=\"https:\/\/crossbordertech.com\/wp-content\/uploads\/2026\/03\/Historia-CBTech-1.png 1798w, https:\/\/crossbordertech.com\/wp-content\/uploads\/2026\/03\/Historia-CBTech-1-1280x416.png 1280w, https:\/\/crossbordertech.com\/wp-content\/uploads\/2026\/03\/Historia-CBTech-1-980x319.png 980w, https:\/\/crossbordertech.com\/wp-content\/uploads\/2026\/03\/Historia-CBTech-1-480x156.png 480w\" sizes=\"(min-width: 0px) and (max-width: 480px) 480px, (min-width: 481px) and (max-width: 980px) 980px, (min-width: 981px) and (max-width: 1280px) 1280px, (min-width: 1281px) 1798px, 100vw\" class=\"wp-image-1201\" title=\"Historia CBTech (1)\" \/><\/span><\/div>\n\n<div class=\"et_pb_image_1 et_pb_image et_pb_module et_block_module\"><span class=\"et_pb_image_wrap\"><img loading=\"lazy\" decoding=\"async\" src=\"https:\/\/crossbordertech.com\/wp-content\/uploads\/2023\/11\/Linea-Tiempo_mobile.png\" width=\"2102\" height=\"3939\" srcset=\"https:\/\/crossbordertech.com\/wp-content\/uploads\/2023\/11\/Linea-Tiempo_mobile.png 2102w, https:\/\/crossbordertech.com\/wp-content\/uploads\/2023\/11\/Linea-Tiempo_mobile-1280x2399.png 1280w, https:\/\/crossbordertech.com\/wp-content\/uploads\/2023\/11\/Linea-Tiempo_mobile-980x1836.png 980w, https:\/\/crossbordertech.com\/wp-content\/uploads\/2023\/11\/Linea-Tiempo_mobile-480x899.png 480w\" sizes=\"(min-width: 0px) and (max-width: 480px) 480px, (min-width: 481px) and (max-width: 980px) 980px, (min-width: 981px) and (max-width: 1280px) 1280px, (min-width: 1281px) 2102px, 100vw\" class=\"wp-image-721\" title=\"Linea Tiempo_mobile\" \/><\/span><\/div>\n<\/div>\n<\/div>\n<\/div>\n\n<div class=\"et_pb_section_3 et_pb_section et_section_regular et_block_section\">\n<div class=\"et_pb_row_3 et_pb_row et_pb_equal_columns et_block_row preset--module--divi-row--default\">\n<div class=\"et_pb_column_3 et_pb_column et_pb_column_1_3 et_block_column et_pb_column_empty et_pb_css_mix_blend_mode_passthrough\"><\/div>\n\n<div class=\"et_pb_column_4 et_pb_column et_pb_column_2_3 et-last-child et_block_column et_pb_css_mix_blend_mode_passthrough\">\n<div class=\"et_pb_icon_0 et_pb_icon et_pb_module et_block_module\"><span class=\"et_pb_icon_wrap\"><span class=\"et-pb-icon\">{<\/span><\/span><\/div>\n\n<div class=\"et_pb_text_5 et_pb_text et_pb_bg_layout_light et_pb_module et_block_module et_pb_text_align_center\"><div class=\"et_pb_text_inner\"><p>Creemos firmemente que el eje central de toda empresa o negocio son las personas y por esto trabajamos para crear conciencia sobre la importancia de la ciberseguridad, no solo en el \u00e1mbito empresarial, sino en la vida personal, pese a las dificultades propias de una sociedad en la que la privacidad, es cada d\u00eda menos valorada y m\u00e1s vulnerable.<\/p>\n<\/div><\/div>\n<\/div>\n<\/div>\n<\/div>\n\n<div class=\"et_pb_section_4 et_pb_section et_section_regular et_block_section\">\n<div class=\"et_pb_row_4 et_pb_row et_block_row preset--module--divi-row--default\">\n<div class=\"et_pb_column_5 et_pb_column et_pb_column_4_4 et-last-child et_block_column et_pb_css_mix_blend_mode_passthrough\">\n<div class=\"et_pb_text_6 et_pb_text et_pb_bg_layout_light et_pb_module et_block_module\"><div class=\"et_pb_text_inner\"><h2>Algunos de Nuestros Clientes<\/h2>\n<\/div><\/div>\n\n<div class=\"et_pb_group_carousel_0 et_pb_group_carousel et_pb_group et_pb_module et_pb_group_carousel_center_mode et_pb_group_carousel_dots_disabled et_pb_group_carousel_slides_5\"><div class=\"et_pb_group_carousel_container\"><div class=\"et_pb_group_carousel_track\"><div class=\"et_pb_group_carousel_slide\"><div class=\"et_pb_group_0 et_pb_group et_pb_module et_flex_group et_pb_css_mix_blend_mode_passthrough\"><div class=\"et_pb_image_2 et_pb_image et_pb_module et_flex_module\"><span class=\"et_pb_image_wrap\"><img loading=\"lazy\" decoding=\"async\" src=\"https:\/\/crossbordertech.com\/wp-content\/uploads\/2023\/11\/Super.png\" alt=\"Superintendencia de Sociedades\" title=\"Super\" width=\"250\" height=\"150\" srcset=\"https:\/\/crossbordertech.com\/wp-content\/uploads\/2023\/11\/Super.png 250w\" sizes=\"(max-width: 250px) 100vw, 250px\" class=\"wp-image-673\" \/><\/span><\/div><\/div><\/div><div class=\"et_pb_group_carousel_slide\"><div class=\"et_pb_group_1 et_pb_group et_pb_module et_flex_group et_pb_css_mix_blend_mode_passthrough\"><div class=\"et_pb_image_3 et_pb_image et_pb_module et_flex_module\"><span class=\"et_pb_image_wrap\"><img loading=\"lazy\" decoding=\"async\" src=\"https:\/\/crossbordertech.com\/wp-content\/uploads\/2023\/11\/SCANR.png\" alt=\"Sociedad Colombiana de Anestesiolog\u00eda y Animaci\u00f3n\" title=\"SCANR\" width=\"250\" height=\"150\" srcset=\"https:\/\/crossbordertech.com\/wp-content\/uploads\/2023\/11\/SCANR.png 250w\" sizes=\"(max-width: 250px) 100vw, 250px\" class=\"wp-image-672\" \/><\/span><\/div><\/div><\/div><div class=\"et_pb_group_carousel_slide\"><div class=\"et_pb_group_2 et_pb_group et_pb_module et_flex_group et_pb_css_mix_blend_mode_passthrough\"><div class=\"et_pb_image_4 et_pb_image et_pb_module et_flex_module\"><span class=\"et_pb_image_wrap\"><img loading=\"lazy\" decoding=\"async\" src=\"https:\/\/crossbordertech.com\/wp-content\/uploads\/2023\/11\/Pichincha.png\" alt=\"Banco Pichincha\" title=\"Pichincha\" width=\"250\" height=\"150\" srcset=\"https:\/\/crossbordertech.com\/wp-content\/uploads\/2023\/11\/Pichincha.png 250w\" sizes=\"(max-width: 250px) 100vw, 250px\" class=\"wp-image-671\" \/><\/span><\/div><\/div><\/div><div class=\"et_pb_group_carousel_slide\"><div class=\"et_pb_group_3 et_pb_group et_pb_module et_flex_group et_pb_css_mix_blend_mode_passthrough\"><div class=\"et_pb_image_5 et_pb_image et_pb_module et_flex_module\"><span class=\"et_pb_image_wrap\"><img loading=\"lazy\" decoding=\"async\" src=\"https:\/\/crossbordertech.com\/wp-content\/uploads\/2023\/11\/MinTrabajo.png\" alt=\"Min Trabajo\" title=\"MinTrabajo\" width=\"250\" height=\"150\" srcset=\"https:\/\/crossbordertech.com\/wp-content\/uploads\/2023\/11\/MinTrabajo.png 250w\" sizes=\"(max-width: 250px) 100vw, 250px\" class=\"wp-image-670\" \/><\/span><\/div><\/div><\/div><div class=\"et_pb_group_carousel_slide\"><div class=\"et_pb_group_4 et_pb_group et_pb_module et_flex_group et_pb_css_mix_blend_mode_passthrough\"><div class=\"et_pb_image_6 et_pb_image et_pb_module et_flex_module\"><span class=\"et_pb_image_wrap\"><img loading=\"lazy\" decoding=\"async\" src=\"https:\/\/crossbordertech.com\/wp-content\/uploads\/2024\/01\/Min-TIC-logo.webp\" title=\"Min TIC logo\" width=\"600\" height=\"421\" srcset=\"https:\/\/crossbordertech.com\/wp-content\/uploads\/2024\/01\/Min-TIC-logo.webp 600w, https:\/\/crossbordertech.com\/wp-content\/uploads\/2024\/01\/Min-TIC-logo-480x337.webp 480w\" sizes=\"(min-width: 0px) and (max-width: 480px) 480px, (min-width: 481px) 600px, 100vw\" class=\"wp-image-901\" alt=\"Min Trabajo\" \/><\/span><\/div><\/div><\/div><div class=\"et_pb_group_carousel_slide\"><div class=\"et_pb_group_5 et_pb_group et_pb_module et_flex_group et_pb_css_mix_blend_mode_passthrough\"><div class=\"et_pb_image_7 et_pb_image et_pb_module et_flex_module\"><span class=\"et_pb_image_wrap\"><img loading=\"lazy\" decoding=\"async\" src=\"https:\/\/crossbordertech.com\/wp-content\/uploads\/2023\/11\/MinSalud.png\" alt=\"MinSalud\" title=\"MinSalud\" width=\"250\" height=\"150\" srcset=\"https:\/\/crossbordertech.com\/wp-content\/uploads\/2023\/11\/MinSalud.png 250w\" sizes=\"(max-width: 250px) 100vw, 250px\" class=\"wp-image-669\" \/><\/span><\/div><\/div><\/div><div class=\"et_pb_group_carousel_slide\"><div class=\"et_pb_group_6 et_pb_group et_pb_module et_flex_group et_pb_css_mix_blend_mode_passthrough\"><div class=\"et_pb_image_8 et_pb_image et_pb_module et_flex_module\"><span class=\"et_pb_image_wrap\"><img loading=\"lazy\" decoding=\"async\" src=\"https:\/\/crossbordertech.com\/wp-content\/uploads\/2023\/11\/MinDefensa.png\" title=\"MinDefensa\" width=\"250\" height=\"150\" srcset=\"https:\/\/crossbordertech.com\/wp-content\/uploads\/2023\/11\/MinDefensa.png 250w\" sizes=\"(max-width: 250px) 100vw, 250px\" class=\"wp-image-668\" alt=\"MinSalud\" \/><\/span><\/div><\/div><\/div><div class=\"et_pb_group_carousel_slide\"><div class=\"et_pb_group_7 et_pb_group et_pb_module et_flex_group et_pb_css_mix_blend_mode_passthrough\"><div class=\"et_pb_image_9 et_pb_image et_pb_module et_flex_module\"><span class=\"et_pb_image_wrap\"><img loading=\"lazy\" decoding=\"async\" src=\"https:\/\/crossbordertech.com\/wp-content\/uploads\/2023\/11\/MinComercio.png\" title=\"MinComercio\" width=\"250\" height=\"150\" srcset=\"https:\/\/crossbordertech.com\/wp-content\/uploads\/2023\/11\/MinComercio.png 250w\" sizes=\"(max-width: 250px) 100vw, 250px\" class=\"wp-image-667\" alt=\"MinSalud\" \/><\/span><\/div><\/div><\/div><div class=\"et_pb_group_carousel_slide\"><div class=\"et_pb_group_8 et_pb_group et_pb_module et_flex_group et_pb_css_mix_blend_mode_passthrough\"><div class=\"et_pb_image_10 et_pb_image et_pb_module et_flex_module\"><span class=\"et_pb_image_wrap\"><img loading=\"lazy\" decoding=\"async\" src=\"https:\/\/crossbordertech.com\/wp-content\/uploads\/2023\/11\/LaSalle.png\" title=\"LaSalle\" width=\"250\" height=\"150\" srcset=\"https:\/\/crossbordertech.com\/wp-content\/uploads\/2023\/11\/LaSalle.png 250w\" sizes=\"(max-width: 250px) 100vw, 250px\" class=\"wp-image-666\" alt=\"MinSalud\" \/><\/span><\/div><\/div><\/div><div class=\"et_pb_group_carousel_slide\"><div class=\"et_pb_group_9 et_pb_group et_pb_module et_flex_group et_pb_css_mix_blend_mode_passthrough\"><div class=\"et_pb_image_11 et_pb_image et_pb_module et_flex_module\"><span class=\"et_pb_image_wrap\"><img loading=\"lazy\" decoding=\"async\" src=\"https:\/\/crossbordertech.com\/wp-content\/uploads\/2023\/11\/Juriscoop.png\" title=\"Juriscoop\" width=\"250\" height=\"150\" srcset=\"https:\/\/crossbordertech.com\/wp-content\/uploads\/2023\/11\/Juriscoop.png 250w\" sizes=\"(max-width: 250px) 100vw, 250px\" class=\"wp-image-665\" alt=\"MinSalud\" \/><\/span><\/div><\/div><\/div><div class=\"et_pb_group_carousel_slide\"><div class=\"et_pb_group_10 et_pb_group et_pb_module et_flex_group et_pb_css_mix_blend_mode_passthrough\"><div class=\"et_pb_image_12 et_pb_image et_pb_module et_flex_module\"><span class=\"et_pb_image_wrap\"><img loading=\"lazy\" decoding=\"async\" src=\"https:\/\/crossbordertech.com\/wp-content\/uploads\/2023\/11\/Fiduciaria-Central.png\" title=\"Fiduciaria Central\" width=\"250\" height=\"150\" srcset=\"https:\/\/crossbordertech.com\/wp-content\/uploads\/2023\/11\/Fiduciaria-Central.png 250w\" sizes=\"(max-width: 250px) 100vw, 250px\" class=\"wp-image-664\" alt=\"MinSalud\" \/><\/span><\/div><\/div><\/div><div class=\"et_pb_group_carousel_slide\"><div class=\"et_pb_group_11 et_pb_group et_pb_module et_flex_group et_pb_css_mix_blend_mode_passthrough\"><div class=\"et_pb_image_13 et_pb_image et_pb_module et_flex_module\"><span class=\"et_pb_image_wrap\"><img loading=\"lazy\" decoding=\"async\" src=\"https:\/\/crossbordertech.com\/wp-content\/uploads\/2023\/11\/Dispapeles.png\" title=\"Dispapeles\" width=\"250\" height=\"150\" srcset=\"https:\/\/crossbordertech.com\/wp-content\/uploads\/2023\/11\/Dispapeles.png 250w\" sizes=\"(max-width: 250px) 100vw, 250px\" class=\"wp-image-663\" alt=\"MinSalud\" \/><\/span><\/div><\/div><\/div><div class=\"et_pb_group_carousel_slide\"><div class=\"et_pb_group_12 et_pb_group et_pb_module et_flex_group et_pb_css_mix_blend_mode_passthrough\"><div class=\"et_pb_image_14 et_pb_image et_pb_module et_flex_module\"><span class=\"et_pb_image_wrap\"><img loading=\"lazy\" decoding=\"async\" src=\"https:\/\/crossbordertech.com\/wp-content\/uploads\/2023\/11\/Davivienda.png\" title=\"Davivienda\" width=\"250\" height=\"150\" srcset=\"https:\/\/crossbordertech.com\/wp-content\/uploads\/2023\/11\/Davivienda.png 250w\" sizes=\"(max-width: 250px) 100vw, 250px\" class=\"wp-image-662\" alt=\"MinSalud\" \/><\/span><\/div><\/div><\/div><div class=\"et_pb_group_carousel_slide\"><div class=\"et_pb_group_13 et_pb_group et_pb_module et_flex_group et_pb_css_mix_blend_mode_passthrough\"><div class=\"et_pb_image_15 et_pb_image et_pb_module et_flex_module\"><span class=\"et_pb_image_wrap\"><img loading=\"lazy\" decoding=\"async\" src=\"https:\/\/crossbordertech.com\/wp-content\/uploads\/2023\/11\/Colpensiones.png\" title=\"Colpensiones\" width=\"250\" height=\"150\" srcset=\"https:\/\/crossbordertech.com\/wp-content\/uploads\/2023\/11\/Colpensiones.png 250w\" sizes=\"(max-width: 250px) 100vw, 250px\" class=\"wp-image-661\" alt=\"MinSalud\" \/><\/span><\/div><\/div><\/div><div class=\"et_pb_group_carousel_slide\"><div class=\"et_pb_group_14 et_pb_group et_pb_module et_flex_group et_pb_css_mix_blend_mode_passthrough\"><div class=\"et_pb_image_16 et_pb_image et_pb_module et_flex_module\"><span class=\"et_pb_image_wrap\"><img loading=\"lazy\" decoding=\"async\" src=\"https:\/\/crossbordertech.com\/wp-content\/uploads\/2023\/11\/CCCE.png\" title=\"CCCE\" width=\"250\" height=\"150\" srcset=\"https:\/\/crossbordertech.com\/wp-content\/uploads\/2023\/11\/CCCE.png 250w\" sizes=\"(max-width: 250px) 100vw, 250px\" class=\"wp-image-660\" alt=\"MinSalud\" \/><\/span><\/div><\/div><\/div><div class=\"et_pb_group_carousel_slide\"><div class=\"et_pb_group_15 et_pb_group et_pb_module et_flex_group et_pb_css_mix_blend_mode_passthrough\"><div class=\"et_pb_image_17 et_pb_image et_pb_module et_flex_module\"><span class=\"et_pb_image_wrap\"><img loading=\"lazy\" decoding=\"async\" src=\"https:\/\/crossbordertech.com\/wp-content\/uploads\/2023\/11\/Asobancaria.png\" title=\"Asobancaria\" width=\"250\" height=\"150\" srcset=\"https:\/\/crossbordertech.com\/wp-content\/uploads\/2023\/11\/Asobancaria.png 250w\" sizes=\"(max-width: 250px) 100vw, 250px\" class=\"wp-image-659\" alt=\"MinSalud\" \/><\/span><\/div><\/div><\/div><div class=\"et_pb_group_carousel_slide\"><div class=\"et_pb_group_16 et_pb_group et_pb_module et_flex_group et_pb_css_mix_blend_mode_passthrough\"><div class=\"et_pb_image_18 et_pb_image et_pb_module et_flex_module\"><span class=\"et_pb_image_wrap\"><img loading=\"lazy\" decoding=\"async\" src=\"https:\/\/crossbordertech.com\/wp-content\/uploads\/2024\/01\/Salud-Total-Logo-Vectores-1.webp\" title=\"Salud Total Logo Vectores (1)\" width=\"630\" height=\"320\" srcset=\"https:\/\/crossbordertech.com\/wp-content\/uploads\/2024\/01\/Salud-Total-Logo-Vectores-1.webp 630w, https:\/\/crossbordertech.com\/wp-content\/uploads\/2024\/01\/Salud-Total-Logo-Vectores-1-480x244.webp 480w\" sizes=\"(min-width: 0px) and (max-width: 480px) 480px, (min-width: 481px) 630px, 100vw\" class=\"wp-image-896\" alt=\"MinSalud\" \/><\/span><\/div><\/div><\/div><div class=\"et_pb_group_carousel_slide\"><div class=\"et_pb_group_17 et_pb_group et_pb_module et_flex_group et_pb_css_mix_blend_mode_passthrough\"><div class=\"et_pb_image_19 et_pb_image et_pb_module et_flex_module\"><span class=\"et_pb_image_wrap\"><img loading=\"lazy\" decoding=\"async\" src=\"https:\/\/crossbordertech.com\/wp-content\/uploads\/2024\/01\/Audifarma-logo-vectores.webp\" title=\"Audifarma logo vectores\" width=\"660\" height=\"162\" srcset=\"https:\/\/crossbordertech.com\/wp-content\/uploads\/2024\/01\/Audifarma-logo-vectores.webp 660w, https:\/\/crossbordertech.com\/wp-content\/uploads\/2024\/01\/Audifarma-logo-vectores-480x118.webp 480w\" sizes=\"(min-width: 0px) and (max-width: 480px) 480px, (min-width: 481px) 660px, 100vw\" class=\"wp-image-898\" alt=\"MinSalud\" \/><\/span><\/div><\/div><\/div><div class=\"et_pb_group_carousel_slide\"><div class=\"et_pb_group_18 et_pb_group et-last-child et_pb_module et_flex_group et_pb_css_mix_blend_mode_passthrough\"><div class=\"et_pb_image_20 et_pb_image et_pb_module et_flex_module\"><span class=\"et_pb_image_wrap\"><img loading=\"lazy\" decoding=\"async\" src=\"https:\/\/crossbordertech.com\/wp-content\/uploads\/2024\/01\/Accion-Fiduciaria-Logo.webp\" title=\"Accion Fiduciaria Logo\" width=\"309\" height=\"163\" srcset=\"https:\/\/crossbordertech.com\/wp-content\/uploads\/2024\/01\/Accion-Fiduciaria-Logo.webp 309w, https:\/\/crossbordertech.com\/wp-content\/uploads\/2024\/01\/Accion-Fiduciaria-Logo-300x158.webp 300w\" sizes=\"(max-width: 309px) 100vw, 309px\" class=\"wp-image-899\" alt=\"MinSalud\" \/><\/span><\/div><\/div><\/div><\/div><\/div><\/div>\n<\/div>\n<\/div>\n<\/div>\n\n<div class=\"et_pb_section_5 et_pb_section et_section_regular et_block_section\">\n<div class=\"et_pb_row_5 et_pb_row et_block_row preset--module--divi-row--default\">\n<div class=\"et_pb_column_6 et_pb_column et_pb_column_4_4 et-last-child et_block_column et_pb_css_mix_blend_mode_passthrough\">\n<div class=\"et_pb_image_21 et_pb_image et_pb_module et_block_module\"><span class=\"et_pb_image_wrap\"><img loading=\"lazy\" decoding=\"async\" src=\"https:\/\/crossbordertech.com\/wp-content\/uploads\/2023\/11\/LogoCBTech_Simbolo_ColorNegativo_RGB-1.webp\" width=\"403\" height=\"434\" srcset=\"https:\/\/crossbordertech.com\/wp-content\/uploads\/2023\/11\/LogoCBTech_Simbolo_ColorNegativo_RGB-1.webp 403w, https:\/\/crossbordertech.com\/wp-content\/uploads\/2023\/11\/LogoCBTech_Simbolo_ColorNegativo_RGB-1-279x300.webp 279w\" sizes=\"(max-width: 403px) 100vw, 403px\" class=\"wp-image-439\" title=\"LogoCBTech_Simbolo_ColorNegativo_RGB (1)\" \/><\/span><\/div>\n\n<div class=\"et_pb_text_7 et_pb_text et_pb_bg_layout_light et_pb_module et_block_module et_pb_text_align_justified\"><div class=\"et_pb_text_inner\"><p>\u00a1Nuestro sue\u00f1o es consolidarnos como la empresa L\u00edder de Ciberseguridad en Latinoam\u00e9rica, gracias a la formaci\u00f3n y desarrollo de nuestro equipo, poniendo todo nuestro conocimiento, experiencia, calidad humana y tecnolog\u00eda al servicio de nuestros clientes, porque son ellos nuestra raz\u00f3n de ser!<\/p>\n<\/div><\/div>\n<\/div>\n<\/div>\n<\/div>\n\n<div class=\"et_pb_section_6 et_pb_section et_section_regular et_block_section\">\n<div class=\"et_pb_row_6 et_pb_row et_pb_equal_columns et_block_row preset--module--divi-row--default\">\n<div class=\"et_pb_column_7 et_pb_column et_pb_column_1_2 et_block_column et_pb_css_mix_blend_mode_passthrough\">\n<div class=\"et_pb_image_22 et_pb_image et_pb_image_sticky et_pb_module et_block_module\"><span class=\"et_pb_image_wrap\"><img loading=\"lazy\" decoding=\"async\" src=\"https:\/\/crossbordertech.com\/wp-content\/uploads\/2023\/11\/FelchaContacto_Superior-1.png\" width=\"350\" height=\"45\" srcset=\"https:\/\/crossbordertech.com\/wp-content\/uploads\/2023\/11\/FelchaContacto_Superior-1.png 350w, https:\/\/crossbordertech.com\/wp-content\/uploads\/2023\/11\/FelchaContacto_Superior-1-300x39.png 300w\" sizes=\"(max-width: 350px) 100vw, 350px\" class=\"wp-image-339\" title=\"FelchaContacto_Superior (1)\" \/><\/span><\/div>\n\n<div class=\"et_pb_text_8 et_pb_text et_pb_bg_layout_light et_pb_module et_block_module et_pb_text_align_center\"><div class=\"et_pb_text_inner\"><p>Construyamos juntos la soluci\u00f3n para tu empresa<\/p>\n<\/div><\/div>\n\n<div class=\"et_pb_image_23 et_pb_image et_pb_module et_block_module\"><span class=\"et_pb_image_wrap\"><img loading=\"lazy\" decoding=\"async\" src=\"https:\/\/crossbordertech.com\/wp-content\/uploads\/2023\/11\/FelchaContacto_Inferior-1.png\" width=\"350\" height=\"46\" srcset=\"https:\/\/crossbordertech.com\/wp-content\/uploads\/2023\/11\/FelchaContacto_Inferior-1.png 350w, https:\/\/crossbordertech.com\/wp-content\/uploads\/2023\/11\/FelchaContacto_Inferior-1-300x39.png 300w\" sizes=\"(max-width: 350px) 100vw, 350px\" class=\"wp-image-340\" title=\"FelchaContacto_Inferior (1)\" \/><\/span><\/div>\n<\/div>\n\n<div class=\"et_pb_column_8 et_pb_column et_pb_column_1_2 et-last-child et_block_column et_pb_css_mix_blend_mode_passthrough\">\n<div class=\"et_pb_contact_form_0 et_pb_contact_form_container et_pb_text_align_left clearfix et_pb_module et_flex_module\" data-form_unique_num=\"0\" data-form_unique_id=\"2987e5eb-85df-4867-b6d1-6e3821a4be5d\" id=\"et_pb_contact_form_2987e5eb-85df-4867-b6d1-6e3821a4be5d\"><div class=\"et-pb-contact-message\"><\/div><div class=\"et_pb_contact\"><form class=\"et_pb_contact_form et_flex_module\" method=\"post\" action=\"https:\/\/crossbordertech.com\/es\/wp-json\/wp\/v2\/pages\/433\">\n<div class=\"et_pb_contact_field_0 et_pb_contact_field et_pb_module et_flex_module et_flex_column_24_24 et_flex_column_24_24_tablet et_flex_column_24_24_phone\" data-id=\"name\" data-type=\"input\"><label class=\"et_pb_contact_form_label\" for=\"et_pb_contact_0_name_0\">Nombre<\/label><input type=\"text\" name=\"et_pb_contact_0_name_0\" id=\"et_pb_contact_0_name_0\" class=\"input\" data-required_mark=\"required\" data-field_type=\"input\" data-original_id=\"name\" placeholder=\"Nombre\" title=\"\" value=\"\" \/><\/div>\n\n<div class=\"et_pb_contact_field_1 et_pb_contact_field et_pb_module et_flex_module et_flex_column_24_24 et_flex_column_24_24_tablet et_flex_column_24_24_phone\" data-id=\"email\" data-type=\"email\"><label class=\"et_pb_contact_form_label\" for=\"et_pb_contact_0_email_1\">Correo Electr\u00f3nico<\/label><input type=\"text\" name=\"et_pb_contact_0_email_1\" id=\"et_pb_contact_0_email_1\" class=\"input\" data-required_mark=\"required\" data-field_type=\"email\" data-original_id=\"email\" placeholder=\"Correo Electr\u00f3nico\" title=\"\" value=\"\" \/><\/div>\n\n<div class=\"et_pb_contact_field_2 et_pb_contact_field et_pb_text_align_left et_pb_module et_flex_module et_flex_column_24_24 et_flex_column_24_24_tablet et_flex_column_24_24_phone\" data-id=\"policy\" data-type=\"checkbox\"><label class=\"et_pb_contact_form_label\"> <\/label><input type=\"hidden\" name=\"et_pb_contact_0_policy_2\" class=\"et_pb_checkbox_handle\" data-required_mark=\"required\" data-field_type=\"checkbox\" data-original_id=\"policy\" \/><span class=\"et_pb_contact_field_options_wrapper\"><span class=\"et_pb_contact_field_options_title\"> <\/span><span class=\"et_pb_contact_field_options_list\"><span class=\"et_pb_contact_field_checkbox\"><input type=\"checkbox\" id=\"et_pb_contact_0_policy_2_0\" class=\"input\" value=\"Acepto la pol\u00edtica de tratamiento de datos\" data-required_mark=\"required\" data-field_type=\"checkbox\" data-original_id=\"policy\" \/><label for=\"et_pb_contact_0_policy_2_0\"><i><\/i>Acepto la pol\u00edtica de tratamiento de datos<\/label><\/span><\/span><\/span><\/div>\n<input type=\"hidden\" name=\"et_pb_contactform_submit_2987e5eb-85df-4867-b6d1-6e3821a4be5d\" value=\"et_contact_proccess\" \/><div class=\"et_contact_bottom_container\"><div class=\"et_pb_button_wrapper\"><button type=\"submit\" name=\"et_builder_submit_button\" class=\"et_pb_button et_pb_contact_submit\">Enviar<\/button><\/div><\/div><input type=\"hidden\" id=\"_wpnonce-et-pb-contact-form-submitted-2987e5eb-85df-4867-b6d1-6e3821a4be5d\" name=\"_wpnonce-et-pb-contact-form-submitted-2987e5eb-85df-4867-b6d1-6e3821a4be5d\" value=\"50c0174d4b\" \/><input type=\"hidden\" name=\"_wp_http_referer\" value=\"\/es\/wp-json\/wp\/v2\/pages\/433\" \/><\/form><\/div><\/div>\n<\/div>\n<\/div>\n<\/div>","protected":false},"excerpt":{"rendered":"","protected":false},"author":3,"featured_media":0,"parent":0,"menu_order":0,"comment_status":"closed","ping_status":"closed","template":"","meta":{"_joinchat":[],"footnotes":""},"class_list":["post-433","page","type-page","status-publish","hentry"],"aioseo_notices":[],"_links":{"self":[{"href":"https:\/\/crossbordertech.com\/es\/wp-json\/wp\/v2\/pages\/433","targetHints":{"allow":["GET"]}}],"collection":[{"href":"https:\/\/crossbordertech.com\/es\/wp-json\/wp\/v2\/pages"}],"about":[{"href":"https:\/\/crossbordertech.com\/es\/wp-json\/wp\/v2\/types\/page"}],"author":[{"embeddable":true,"href":"https:\/\/crossbordertech.com\/es\/wp-json\/wp\/v2\/users\/3"}],"replies":[{"embeddable":true,"href":"https:\/\/crossbordertech.com\/es\/wp-json\/wp\/v2\/comments?post=433"}],"version-history":[{"count":29,"href":"https:\/\/crossbordertech.com\/es\/wp-json\/wp\/v2\/pages\/433\/revisions"}],"predecessor-version":[{"id":1250,"href":"https:\/\/crossbordertech.com\/es\/wp-json\/wp\/v2\/pages\/433\/revisions\/1250"}],"wp:attachment":[{"href":"https:\/\/crossbordertech.com\/es\/wp-json\/wp\/v2\/media?parent=433"}],"curies":[{"name":"wp","href":"https:\/\/api.w.org\/{rel}","templated":true}]}}