{"id":3,"date":"2023-03-29T17:54:50","date_gmt":"2023-03-29T22:54:50","guid":{"rendered":"https:\/\/crossbordertech.com\/?page_id=3"},"modified":"2026-04-15T12:27:58","modified_gmt":"2026-04-15T17:27:58","slug":"politica-privacidad","status":"publish","type":"page","link":"https:\/\/crossbordertech.com\/es\/politica-privacidad\/","title":{"rendered":"Pol\u00edtica de Privacidad y Tratamiento de Datos"},"content":{"rendered":"\n<div class=\"et_pb_section_0 et_pb_section et_section_regular et_block_section\"><div class=\"et_pb_row_0 et_pb_row et_block_row preset--module--divi-row--default\"><div class=\"et_pb_column_0 et_pb_column et_pb_column_4_4 et-last-child et_block_column et_pb_css_mix_blend_mode_passthrough\"><div class=\"et_pb_text_0 et_pb_text et_pb_bg_layout_light et_pb_module et_block_module\"><div class=\"et_pb_text_inner\"><h1>Pol\u00edtica de Privacidad y Tratamiento de Datos<\/h1>\n<\/div><\/div><div class=\"et_pb_text_1 et_pb_text et_pb_bg_layout_light et_pb_module et_block_module\"><div class=\"et_pb_text_inner\"><h5>AVISO COOKIES P\u00c1GINA WEB<\/h5>\n<p>Utilizamos cookies propias y de terceros para obtener datos estad\u00edsticos de la navegaci\u00f3n de nuestros usuarios y mejorar nuestros servicios. Si acepta o contin\u00faa navegando, consideramos que acepta su uso. Puede consultar nuestra Pol\u00edtica de Cookies.<\/p>\n<h5>POL\u00cdTICA DE COOKIES P\u00c1GINA WEB<\/h5>\n<p>En cumplimiento con lo dispuesto en el art\u00edculo 22.2 de la Ley 34\/2002, de 11 de julio, de Servicios de la Sociedad de la Informaci\u00f3n y de Comercio Electr\u00f3nico, crossbordertech.com informa, en esta secci\u00f3n, sobre la pol\u00edtica de recogida y tratamiento de cookies.<\/p>\n<p>Al entrar en esta web ya has sido informado sobre la utilizaci\u00f3n de las cookies a trav\u00e9s de un aviso o alerta. Si has accedido y sigues navegando, est\u00e1s aceptando la instalaci\u00f3n de estas cookies.<\/p>\n<h6>\u00bfQu\u00e9 son las cookies?<\/h6>\n<p>Una cookie es un fichero que se descarga en tu ordenador o equipo al acceder a determinadas p\u00e1ginas web. Las cookies permiten a una p\u00e1gina web, entre otras cosas, almacenar y recuperar informaci\u00f3n sobre los h\u00e1bitos de navegaci\u00f3n del Usuario o de su equipo y, dependiendo de la informaci\u00f3n que contengan y de la forma en que utilice tu equipo, pueden utilizarse para reconocer al Usuario.<\/p>\n<h6>\u00bfQu\u00e9 tipos de cookies utiliza esta p\u00e1gina web?<\/h6>\n<p>crossbordertech.com utiliza los siguientes tipos de cookies:<\/p>\n<ul>\n<li>Cookies de an\u00e1lisis: Son aqu\u00e9llas que bien tratadas por nosotros o por terceros, nos permiten cuantificar el n\u00famero de usuarios y as\u00ed realizar la medici\u00f3n y an\u00e1lisis estad\u00edstico de la utilizaci\u00f3n que hacen los usuarios del servicio ofertado. Para ello se analiza su navegaci\u00f3n en nuestra p\u00e1gina web con el fin de mejorar la oferta de productos o servicios que te ofrecemos.<\/li>\n<li>Cookies t\u00e9cnicas: Son aquellas que permiten al usuario la navegaci\u00f3n a trav\u00e9s del \u00e1rea restringida y la utilizaci\u00f3n de sus diferentes funciones, como, por ejemplo, llevar a cambio el proceso de compra de un art\u00edculo.<\/li>\n<li>Cookies de personalizaci\u00f3n: Son aquellas que permiten al Usuario acceder al servicio con algunas caracter\u00edsticas de car\u00e1cter general predefinidas en funci\u00f3n de una serie de criterios en el terminal del usuario como por ejemplo serian el idioma o el tipo de navegador a trav\u00e9s del cual se conecta al servicio.<\/li>\n<li>Cookies publicitarias: Son aqu\u00e9llas que, bien tratadas por esta web o por terceros, permiten gestionar de la forma m\u00e1s eficaz posible la oferta de los espacios publicitarios que hay en la p\u00e1gina web, adecuando el contenido del anuncio al contenido del servicio solicitado o al uso que realices de nuestra p\u00e1gina web. Para ello podemos analizar tus h\u00e1bitos de navegaci\u00f3n en Internet y podemos mostrarte publicidad relacionada con tu perfil de navegaci\u00f3n.<\/li>\n<li>Cookies de publicidad comportamental: Son aquellas que permiten la gesti\u00f3n, de la forma m\u00e1s eficaz posible, de los espacios publicitarios que, en su caso, el editor haya incluido en una p\u00e1gina web, aplicaci\u00f3n o plataforma desde la que presta el servicio solicitado. Este tipo de cookies almacenan informaci\u00f3n del comportamiento de los visitantes obtenida a trav\u00e9s de la observaci\u00f3n continuada de sus h\u00e1bitos de navegaci\u00f3n, lo que permite desarrollar un perfil espec\u00edfico para mostrar avisos publicitarios en funci\u00f3n del mismo.<\/li>\n<\/ul>\n<h6>Desactivar las cookies<\/h6>\n<p>El Usuario puede permitir, bloquear o eliminar las cookies instaladas en su equipo mediante la configuraci\u00f3n de las opciones del navegador instalado en su ordenador.<\/p>\n<p>En la mayor\u00eda de los navegadores web se ofrece la posibilidad de permitir, bloquear o eliminar las cookies instaladas en su equipo.<\/p>\n<p>A continuaci\u00f3n, puedes acceder a la configuraci\u00f3n de los navegadores webs m\u00e1s frecuentes para aceptar, instalar o desactivar las cookies:<\/p>\n<ul>\n<li>Configurar cookies en Google Chrome (https:\/\/support.google.com\/chrome\/answer\/95647?hl=es)<\/li>\n<li>Configurar cookies en Microsoft Internet Explorer (https:\/\/support.microsoft.com\/es-es\/windows\/eliminar-y-administrar-cookies-168dab11-0753-043d-7c16-ede5947fc64d)<\/li>\n<li>Configurar cookies en MozillaFirefox (https:\/\/support.mozilla.org\/es\/kb\/Deshabilitar%20cookies%20de%20terceros)<\/li>\n<li>Configurar cookies en Safari (Apple) (https:\/\/support.apple.com\/es-es\/HT201265)<\/li>\n<\/ul>\n<h6>Cookies de terceros<\/h6>\n<p>crossbordertech.com utiliza servicios de terceros para recopilar informaci\u00f3n con fines estad\u00edsticos y de uso de la web. Se usan cookies de DoubleClick para mejorar la publicidad que se incluye en el sitio web. Son utilizadas para orientar la publicidad seg\u00fan el contenido que es relevante para un usuario, mejorando as\u00ed la calidad de experiencia en el uso del mismo.<\/p>\n<p>En concreto, usamos los servicios de Google Adsense y de Google Analytics para nuestras estad\u00edsticas y publicidad. Algunas cookies son esenciales para el funcionamiento del sitio, por ejemplo, el buscador incorporado.<\/p>\n<p>Nuestro sitio incluye otras funcionalidades proporcionadas por terceros. El Usuario puede f\u00e1cilmente compartir el contenido en redes sociales como Facebook, Twitter o Google +, con los botones que hemos incluido a tal efecto.<\/p>\n<h6>Advertencia sobre eliminar cookies<\/h6>\n<p>El Usuario puede eliminar y bloquear todas las cookies de este sitio, pero parte del sitio no funcionar\u00e1 o la calidad de la p\u00e1gina web y de los Contenidos pueden verse afectados.<\/p>\n<h5>AVISO DE PRIVACIDAD PAGINA WEB PARA FORMULARIOS<\/h5>\n<p>En cumplimiento de la Ley Estatutaria 1581 de 2012 de Protecci\u00f3n de Datos (LEPD) y normas concordantes, el presente Aviso de Privacidad tiene como objeto informar al Titular sobre el tratamiento al cual ser\u00e1n sometidos los datos almacenados en nuestras bases de datos e informar si estos estar\u00e1n sujetos a transmisi\u00f3n y\/o transferencia a terceras entidades. Las condiciones del tratamiento son las siguientes:<\/p>\n<ul>\n<li>CROSS BORDER TECHNOLOGY identificada con el NIT No. 900055290-0, ser\u00e1 el responsable del tratamiento de sus datos personales.<\/li>\n<li>Con objeto de recibir una atenci\u00f3n integral como cliente, los datos personales recabados ser\u00e1n tratados con las siguientes finalidades: realizar fines hist\u00f3ricos, cient\u00edficos o estad\u00edsticos, gesti\u00f3n de estad\u00edsticas internas, gesti\u00f3n de clientes, hist\u00f3ricos de relaciones comerciales, marketing, encuestas de opini\u00f3n, prospecci\u00f3n comercial y publicidad propia.<\/li>\n<li>Es de car\u00e1cter facultativo suministrar informaci\u00f3n que verse sobre Datos Sensibles, entendidos como aquellos que afectan la intimidad o generen alg\u00fan tipo de discriminaci\u00f3n, o sobre menores de edad.<\/li>\n<li>La pol\u00edtica de tratamiento de los datos del Titular, as\u00ed como los cambios sustanciales que se produzcan en \u00e9sta, se podr\u00e1n consultar en el siguiente correo electr\u00f3nico: <a href=\"mailto:protecciondatos@cbtsec.com\">protecciondatos@cbtsec.com<\/a>.<\/li>\n<li>El Titular puede ejercitar los derechos de acceso, correcci\u00f3n, supresi\u00f3n, revocaci\u00f3n o reclamo por infracci\u00f3n sobre sus datos con un escrito dirigido a CROSS BORDER TECHNOLOGY a la direcci\u00f3n de correo electr\u00f3nico protecciondatos@cbtsec.com indicando en el asunto el derecho que desea ejercitar o mediante correo postal remitido a Avda Calle 26 # 96J-66 Ofc 304 Edificio Optimus, Bogot\u00e1 - Colombia<\/li>\n<\/ul>\n<\/div><\/div><\/div><\/div><\/div>\n","protected":false},"excerpt":{"rendered":"","protected":false},"author":3,"featured_media":0,"parent":0,"menu_order":0,"comment_status":"closed","ping_status":"open","template":"","meta":{"_joinchat":[],"footnotes":""},"class_list":["post-3","page","type-page","status-publish","hentry"],"aioseo_notices":[],"_links":{"self":[{"href":"https:\/\/crossbordertech.com\/es\/wp-json\/wp\/v2\/pages\/3","targetHints":{"allow":["GET"]}}],"collection":[{"href":"https:\/\/crossbordertech.com\/es\/wp-json\/wp\/v2\/pages"}],"about":[{"href":"https:\/\/crossbordertech.com\/es\/wp-json\/wp\/v2\/types\/page"}],"author":[{"embeddable":true,"href":"https:\/\/crossbordertech.com\/es\/wp-json\/wp\/v2\/users\/3"}],"replies":[{"embeddable":true,"href":"https:\/\/crossbordertech.com\/es\/wp-json\/wp\/v2\/comments?post=3"}],"version-history":[{"count":6,"href":"https:\/\/crossbordertech.com\/es\/wp-json\/wp\/v2\/pages\/3\/revisions"}],"predecessor-version":[{"id":1224,"href":"https:\/\/crossbordertech.com\/es\/wp-json\/wp\/v2\/pages\/3\/revisions\/1224"}],"wp:attachment":[{"href":"https:\/\/crossbordertech.com\/es\/wp-json\/wp\/v2\/media?parent=3"}],"curies":[{"name":"wp","href":"https:\/\/api.w.org\/{rel}","templated":true}]}}